{"id":429,"date":"2025-11-12T15:30:36","date_gmt":"2025-11-12T15:30:36","guid":{"rendered":"https:\/\/xn--microkin-floregervais-i5b.fr\/?page_id=429"},"modified":"2025-11-12T16:53:51","modified_gmt":"2025-11-12T16:53:51","slug":"mentions-legales","status":"publish","type":"page","link":"https:\/\/xn--microkin-floregervais-i5b.fr\/index.php\/mentions-legales\/","title":{"rendered":"Mentions l\u00e9gales"},"content":{"rendered":"\t\t<div data-elementor-type=\"wp-page\" data-elementor-id=\"429\" class=\"elementor elementor-429\">\n\t\t\t\t<div class=\"elementor-element elementor-element-94b0de1 e-con-full e-flex e-con e-parent\" data-id=\"94b0de1\" data-element_type=\"container\" data-e-type=\"container\">\n\t\t\t\t<div class=\"elementor-element elementor-element-6c99daa elementor-widget elementor-widget-heading\" data-id=\"6c99daa\" data-element_type=\"widget\" data-e-type=\"widget\" data-widget_type=\"heading.default\">\n\t\t\t\t\t<h1 class=\"elementor-heading-title elementor-size-default\">Mentions l\u00e9gales<\/h1>\t\t\t\t<\/div>\n\t\t\t\t<\/div>\n\t\t<div class=\"elementor-element elementor-element-00882e6 e-con-full e-flex e-con e-parent\" data-id=\"00882e6\" data-element_type=\"container\" data-e-type=\"container\">\n\t\t\t\t<div class=\"elementor-element elementor-element-6df3b90 elementor-widget elementor-widget-heading\" data-id=\"6df3b90\" data-element_type=\"widget\" data-e-type=\"widget\" data-widget_type=\"heading.default\">\n\t\t\t\t\t<h1 class=\"elementor-heading-title elementor-size-default\">Conform\u00e9ment \u00e0 la loi n\u00b02004-575 du 21 juin 2004 pour la confiance dans l\u2019\u00e9conomie num\u00e9rique, il est pr\u00e9cis\u00e9 aux utilisateurs du site l\u2019identit\u00e9 des diff\u00e9rents intervenants dans le cadre de sa r\u00e9alisation et de son suivi.<\/h1>\t\t\t\t<\/div>\n\t\t\t\t<\/div>\n\t\t<div class=\"elementor-element elementor-element-fc81541 e-con-full e-flex e-con e-parent\" data-id=\"fc81541\" data-element_type=\"container\" data-e-type=\"container\">\n\t\t\t\t<div class=\"elementor-element elementor-element-1beab9e elementor-widget elementor-widget-heading\" data-id=\"1beab9e\" data-element_type=\"widget\" data-e-type=\"widget\" data-widget_type=\"heading.default\">\n\t\t\t\t\t<h1 class=\"elementor-heading-title elementor-size-default\">1. \u00c9diteur du site <\/h1>\t\t\t\t<\/div>\n\t\t\t\t<div class=\"elementor-element elementor-element-2d5ca56 elementor-widget elementor-widget-heading\" data-id=\"2d5ca56\" data-element_type=\"widget\" data-e-type=\"widget\" data-widget_type=\"heading.default\">\n\t\t\t\t\t<h1 class=\"elementor-heading-title elementor-size-default\"><b>Nom et pr\u00e9nom :<\/b> Flore Gervais<br>\n<b>Profession :<\/b> Microkin\u00e9sith\u00e9rapeute <br>\n<b>Adresse du cabinet :<\/b> 17 Grande Rue 51130 ROUFFY <br>\n<b>T\u00e9l\u00e9phone :<\/b> 06 32 14 54 16 <br>\n<b>E-mail :<\/b> floregervais@laposte.net  <br>\n<b>Num\u00e9ro SIRET :<\/b> 93500281600012 <br>\n<b>Responsable de la publication :<\/b> Flore Gervais<\/h1>\t\t\t\t<\/div>\n\t\t\t\t<\/div>\n\t\t<div class=\"elementor-element elementor-element-74a0670 e-con-full e-flex e-con e-parent\" data-id=\"74a0670\" data-element_type=\"container\" data-e-type=\"container\">\n\t\t\t\t<div class=\"elementor-element elementor-element-91b8ad5 elementor-widget elementor-widget-heading\" data-id=\"91b8ad5\" data-element_type=\"widget\" data-e-type=\"widget\" data-widget_type=\"heading.default\">\n\t\t\t\t\t<h1 class=\"elementor-heading-title elementor-size-default\">2. H\u00e9bergeur du site<\/h1>\t\t\t\t<\/div>\n\t\t\t\t<div class=\"elementor-element elementor-element-80b9dec elementor-widget elementor-widget-heading\" data-id=\"80b9dec\" data-element_type=\"widget\" data-e-type=\"widget\" data-widget_type=\"heading.default\">\n\t\t\t\t\t<h1 class=\"elementor-heading-title elementor-size-default\">Nom de l\u2019h\u00e9bergeur : OVH \u2013 www.ovh.com <br>\nAdresse : 2 rue Kellermann, 59100 Roubaix \u2013 France <br>\nT\u00e9l\u00e9phone : 09 72 10 10 07<\/h1>\t\t\t\t<\/div>\n\t\t\t\t<\/div>\n\t\t<div class=\"elementor-element elementor-element-589ae81 e-con-full e-flex e-con e-parent\" data-id=\"589ae81\" data-element_type=\"container\" data-e-type=\"container\">\n\t\t\t\t<div class=\"elementor-element elementor-element-b49aabc elementor-widget elementor-widget-heading\" data-id=\"b49aabc\" data-element_type=\"widget\" data-e-type=\"widget\" data-widget_type=\"heading.default\">\n\t\t\t\t\t<h1 class=\"elementor-heading-title elementor-size-default\">3. Propri\u00e9t\u00e9 intellectuelle\n\n<\/h1>\t\t\t\t<\/div>\n\t\t\t\t<div class=\"elementor-element elementor-element-41057b5 elementor-widget elementor-widget-heading\" data-id=\"41057b5\" data-element_type=\"widget\" data-e-type=\"widget\" data-widget_type=\"heading.default\">\n\t\t\t\t\t<h1 class=\"elementor-heading-title elementor-size-default\">L\u2019ensemble du contenu du site microkin\u00e9-floregervais.fr (textes, images, graphismes, logo, ic\u00f4nes, etc.) est la propri\u00e9t\u00e9 exclusive de Flore Gervais, sauf mention contraire.\nToute reproduction, distribution, modification, adaptation, retransmission ou publication, m\u00eame partielle, est strictement interdite sans l\u2019accord \u00e9crit pr\u00e9alable de l\u2019\u00e9diteur.\n<\/h1>\t\t\t\t<\/div>\n\t\t\t\t<\/div>\n\t\t<div class=\"elementor-element elementor-element-c1c4589 e-con-full e-flex e-con e-parent\" data-id=\"c1c4589\" data-element_type=\"container\" data-e-type=\"container\">\n\t\t\t\t<div class=\"elementor-element elementor-element-cca23d9 elementor-widget elementor-widget-heading\" data-id=\"cca23d9\" data-element_type=\"widget\" data-e-type=\"widget\" data-widget_type=\"heading.default\">\n\t\t\t\t\t<h1 class=\"elementor-heading-title elementor-size-default\">4. Responsabilit\u00e9\n<\/h1>\t\t\t\t<\/div>\n\t\t\t\t<div class=\"elementor-element elementor-element-9197e73 elementor-widget elementor-widget-heading\" data-id=\"9197e73\" data-element_type=\"widget\" data-e-type=\"widget\" data-widget_type=\"heading.default\">\n\t\t\t\t\t<h1 class=\"elementor-heading-title elementor-size-default\">Les informations diffus\u00e9es sur le site ont un caract\u00e8re purement informatif et ne remplacent en aucun cas un avis m\u00e9dical ou un diagnostic d\u00e9livr\u00e9 par un professionnel de sant\u00e9.\nFlore Gervais ne saurait \u00eatre tenue responsable des dommages directs ou indirects pouvant r\u00e9sulter de l\u2019acc\u00e8s ou de l\u2019utilisation du site.<\/h1>\t\t\t\t<\/div>\n\t\t\t\t<\/div>\n\t\t<div class=\"elementor-element elementor-element-45da770 e-con-full e-flex e-con e-parent\" data-id=\"45da770\" data-element_type=\"container\" data-e-type=\"container\">\n\t\t\t\t<div class=\"elementor-element elementor-element-eeb1dc8 elementor-widget elementor-widget-heading\" data-id=\"eeb1dc8\" data-element_type=\"widget\" data-e-type=\"widget\" data-widget_type=\"heading.default\">\n\t\t\t\t\t<h1 class=\"elementor-heading-title elementor-size-default\">5. Liens hypertextes\n<\/h1>\t\t\t\t<\/div>\n\t\t\t\t<div class=\"elementor-element elementor-element-44f1d9d elementor-widget elementor-widget-heading\" data-id=\"44f1d9d\" data-element_type=\"widget\" data-e-type=\"widget\" data-widget_type=\"heading.default\">\n\t\t\t\t\t<h1 class=\"elementor-heading-title elementor-size-default\">Le site peut contenir des liens vers d\u2019autres sites. ne peut \u00eatre tenue responsable du contenu de ces sites externes ni de leurs pratiques en mati\u00e8re de confidentialit\u00e9.<\/h1>\t\t\t\t<\/div>\n\t\t\t\t<\/div>\n\t\t<div class=\"elementor-element elementor-element-06df299 e-con-full e-flex e-con e-parent\" data-id=\"06df299\" data-element_type=\"container\" data-e-type=\"container\">\n\t\t\t\t<div class=\"elementor-element elementor-element-6978aa9 elementor-widget elementor-widget-heading\" data-id=\"6978aa9\" data-element_type=\"widget\" data-e-type=\"widget\" data-widget_type=\"heading.default\">\n\t\t\t\t\t<h1 class=\"elementor-heading-title elementor-size-default\">6. Cr\u00e9dits<\/h1>\t\t\t\t<\/div>\n\t\t\t\t<div class=\"elementor-element elementor-element-c6cbf35 elementor-widget elementor-widget-heading\" data-id=\"c6cbf35\" data-element_type=\"widget\" data-e-type=\"widget\" data-widget_type=\"heading.default\">\n\t\t\t\t\t<h1 class=\"elementor-heading-title elementor-size-default\">Design &amp; d\u00e9veloppement : Lheureux Clara <br>\nPhotographies : Flore Gervais\n<\/h1>\t\t\t\t<\/div>\n\t\t\t\t<\/div>\n\t\t<div class=\"elementor-element elementor-element-d5ae7af e-flex e-con-boxed e-con e-parent\" data-id=\"d5ae7af\" data-element_type=\"container\" data-e-type=\"container\">\n\t\t\t\t\t<div class=\"e-con-inner\">\n\t\t\t\t\t<\/div>\n\t\t\t\t<\/div>\n\t\t\t\t<\/div>\n\t\t","protected":false},"excerpt":{"rendered":"<p>Mentions l\u00e9gales Conform\u00e9ment \u00e0 la loi n\u00b02004-575 du 21 juin 2004 pour la confiance dans l\u2019\u00e9conomie num\u00e9rique, il est pr\u00e9cis\u00e9 [&hellip;]<\/p>\n","protected":false},"author":1,"featured_media":0,"parent":0,"menu_order":0,"comment_status":"closed","ping_status":"closed","template":"","meta":{"site-sidebar-layout":"no-sidebar","site-content-layout":"","ast-site-content-layout":"full-width-container","site-content-style":"default","site-sidebar-style":"default","ast-global-header-display":"","ast-banner-title-visibility":"","ast-main-header-display":"","ast-hfb-above-header-display":"","ast-hfb-below-header-display":"","ast-hfb-mobile-header-display":"","site-post-title":"","ast-breadcrumbs-content":"","ast-featured-img":"disabled","footer-sml-layout":"","theme-transparent-header-meta":"","adv-header-id-meta":"","stick-header-meta":"","header-above-stick-meta":"","header-main-stick-meta":"","header-below-stick-meta":"","astra-migrate-meta-layouts":"default","ast-page-background-enabled":"default","ast-page-background-meta":{"desktop":{"background-color":"var(--ast-global-color-5)","background-image":"","background-repeat":"repeat","background-position":"center center","background-size":"auto","background-attachment":"scroll","background-type":"","background-media":"","overlay-type":"","overlay-color":"","overlay-opacity":"","overlay-gradient":""},"tablet":{"background-color":"","background-image":"","background-repeat":"repeat","background-position":"center center","background-size":"auto","background-attachment":"scroll","background-type":"","background-media":"","overlay-type":"","overlay-color":"","overlay-opacity":"","overlay-gradient":""},"mobile":{"background-color":"","background-image":"","background-repeat":"repeat","background-position":"center center","background-size":"auto","background-attachment":"scroll","background-type":"","background-media":"","overlay-type":"","overlay-color":"","overlay-opacity":"","overlay-gradient":""}},"ast-content-background-meta":{"desktop":{"background-color":"var(--ast-global-color-4)","background-image":"","background-repeat":"repeat","background-position":"center center","background-size":"auto","background-attachment":"scroll","background-type":"","background-media":"","overlay-type":"","overlay-color":"","overlay-opacity":"","overlay-gradient":""},"tablet":{"background-color":"var(--ast-global-color-4)","background-image":"","background-repeat":"repeat","background-position":"center center","background-size":"auto","background-attachment":"scroll","background-type":"","background-media":"","overlay-type":"","overlay-color":"","overlay-opacity":"","overlay-gradient":""},"mobile":{"background-color":"var(--ast-global-color-4)","background-image":"","background-repeat":"repeat","background-position":"center center","background-size":"auto","background-attachment":"scroll","background-type":"","background-media":"","overlay-type":"","overlay-color":"","overlay-opacity":"","overlay-gradient":""}},"footnotes":""},"class_list":["post-429","page","type-page","status-publish","hentry"],"yoast_head":"<!-- This site is optimized with the Yoast SEO plugin v27.3 - https:\/\/yoast.com\/product\/yoast-seo-wordpress\/ -->\n<title>Mentions l\u00e9gales - Flore Gervais - Microkin\u00e9sith\u00e9rapeute Epernay<\/title>\n<meta name=\"robots\" content=\"index, follow, max-snippet:-1, max-image-preview:large, max-video-preview:-1\" \/>\n<link rel=\"canonical\" href=\"https:\/\/xn--microkin-floregervais-i5b.fr\/index.php\/mentions-legales\/\" \/>\n<meta property=\"og:locale\" content=\"en_US\" \/>\n<meta property=\"og:type\" content=\"article\" \/>\n<meta property=\"og:title\" content=\"Mentions l\u00e9gales - Flore Gervais - Microkin\u00e9sith\u00e9rapeute Epernay\" \/>\n<meta property=\"og:description\" content=\"Mentions l\u00e9gales Conform\u00e9ment \u00e0 la loi n\u00b02004-575 du 21 juin 2004 pour la confiance dans l\u2019\u00e9conomie num\u00e9rique, il est pr\u00e9cis\u00e9 [&hellip;]\" \/>\n<meta property=\"og:url\" content=\"https:\/\/xn--microkin-floregervais-i5b.fr\/index.php\/mentions-legales\/\" \/>\n<meta property=\"og:site_name\" content=\"Flore Gervais - Microkin\u00e9sith\u00e9rapeute Epernay\" \/>\n<meta property=\"article:modified_time\" content=\"2025-11-12T16:53:51+00:00\" \/>\n<meta name=\"twitter:card\" content=\"summary_large_image\" \/>\n<meta name=\"twitter:label1\" content=\"Est. reading time\" \/>\n\t<meta name=\"twitter:data1\" content=\"1 minute\" \/>\n<script type=\"application\/ld+json\" class=\"yoast-schema-graph\">{\"@context\":\"https:\\\/\\\/schema.org\",\"@graph\":[{\"@type\":\"WebPage\",\"@id\":\"https:\\\/\\\/xn--microkin-floregervais-i5b.fr\\\/index.php\\\/mentions-legales\\\/\",\"url\":\"https:\\\/\\\/xn--microkin-floregervais-i5b.fr\\\/index.php\\\/mentions-legales\\\/\",\"name\":\"Mentions l\u00e9gales - Flore Gervais - Microkin\u00e9sith\u00e9rapeute Epernay\",\"isPartOf\":{\"@id\":\"https:\\\/\\\/xn--microkin-floregervais-i5b.fr\\\/#website\"},\"datePublished\":\"2025-11-12T15:30:36+00:00\",\"dateModified\":\"2025-11-12T16:53:51+00:00\",\"breadcrumb\":{\"@id\":\"https:\\\/\\\/xn--microkin-floregervais-i5b.fr\\\/index.php\\\/mentions-legales\\\/#breadcrumb\"},\"inLanguage\":\"en-US\",\"potentialAction\":[{\"@type\":\"ReadAction\",\"target\":[\"https:\\\/\\\/xn--microkin-floregervais-i5b.fr\\\/index.php\\\/mentions-legales\\\/\"]}]},{\"@type\":\"BreadcrumbList\",\"@id\":\"https:\\\/\\\/xn--microkin-floregervais-i5b.fr\\\/index.php\\\/mentions-legales\\\/#breadcrumb\",\"itemListElement\":[{\"@type\":\"ListItem\",\"position\":1,\"name\":\"Home\",\"item\":\"https:\\\/\\\/xn--microkin-floregervais-i5b.fr\\\/\"},{\"@type\":\"ListItem\",\"position\":2,\"name\":\"Mentions l\u00e9gales\"}]},{\"@type\":\"WebSite\",\"@id\":\"https:\\\/\\\/xn--microkin-floregervais-i5b.fr\\\/#website\",\"url\":\"https:\\\/\\\/xn--microkin-floregervais-i5b.fr\\\/\",\"name\":\"Flore Gervais - Microkin\u00e9sith\u00e9rapeute Epernay\",\"description\":\"\",\"publisher\":{\"@id\":\"https:\\\/\\\/xn--microkin-floregervais-i5b.fr\\\/#organization\"},\"potentialAction\":[{\"@type\":\"SearchAction\",\"target\":{\"@type\":\"EntryPoint\",\"urlTemplate\":\"https:\\\/\\\/xn--microkin-floregervais-i5b.fr\\\/?s={search_term_string}\"},\"query-input\":{\"@type\":\"PropertyValueSpecification\",\"valueRequired\":true,\"valueName\":\"search_term_string\"}}],\"inLanguage\":\"en-US\"},{\"@type\":\"Organization\",\"@id\":\"https:\\\/\\\/xn--microkin-floregervais-i5b.fr\\\/#organization\",\"name\":\"Flore Gervais - Microkin\u00e9sith\u00e9rapeute Epernay\",\"url\":\"https:\\\/\\\/xn--microkin-floregervais-i5b.fr\\\/\",\"logo\":{\"@type\":\"ImageObject\",\"inLanguage\":\"en-US\",\"@id\":\"https:\\\/\\\/xn--microkin-floregervais-i5b.fr\\\/#\\\/schema\\\/logo\\\/image\\\/\",\"url\":\"https:\\\/\\\/xn--microkin-floregervais-i5b.fr\\\/wp-content\\\/uploads\\\/2025\\\/11\\\/cropped-logo_flore-removebg-preview.png\",\"contentUrl\":\"https:\\\/\\\/xn--microkin-floregervais-i5b.fr\\\/wp-content\\\/uploads\\\/2025\\\/11\\\/cropped-logo_flore-removebg-preview.png\",\"width\":364,\"height\":365,\"caption\":\"Flore Gervais - Microkin\u00e9sith\u00e9rapeute Epernay\"},\"image\":{\"@id\":\"https:\\\/\\\/xn--microkin-floregervais-i5b.fr\\\/#\\\/schema\\\/logo\\\/image\\\/\"}}]}<\/script>\n<!-- \/ Yoast SEO plugin. -->","yoast_head_json":{"title":"Mentions l\u00e9gales - Flore Gervais - Microkin\u00e9sith\u00e9rapeute Epernay","robots":{"index":"index","follow":"follow","max-snippet":"max-snippet:-1","max-image-preview":"max-image-preview:large","max-video-preview":"max-video-preview:-1"},"canonical":"https:\/\/xn--microkin-floregervais-i5b.fr\/index.php\/mentions-legales\/","og_locale":"en_US","og_type":"article","og_title":"Mentions l\u00e9gales - Flore Gervais - Microkin\u00e9sith\u00e9rapeute Epernay","og_description":"Mentions l\u00e9gales Conform\u00e9ment \u00e0 la loi n\u00b02004-575 du 21 juin 2004 pour la confiance dans l\u2019\u00e9conomie num\u00e9rique, il est pr\u00e9cis\u00e9 [&hellip;]","og_url":"https:\/\/xn--microkin-floregervais-i5b.fr\/index.php\/mentions-legales\/","og_site_name":"Flore Gervais - Microkin\u00e9sith\u00e9rapeute Epernay","article_modified_time":"2025-11-12T16:53:51+00:00","twitter_card":"summary_large_image","twitter_misc":{"Est. reading time":"1 minute"},"schema":{"@context":"https:\/\/schema.org","@graph":[{"@type":"WebPage","@id":"https:\/\/xn--microkin-floregervais-i5b.fr\/index.php\/mentions-legales\/","url":"https:\/\/xn--microkin-floregervais-i5b.fr\/index.php\/mentions-legales\/","name":"Mentions l\u00e9gales - Flore Gervais - Microkin\u00e9sith\u00e9rapeute Epernay","isPartOf":{"@id":"https:\/\/xn--microkin-floregervais-i5b.fr\/#website"},"datePublished":"2025-11-12T15:30:36+00:00","dateModified":"2025-11-12T16:53:51+00:00","breadcrumb":{"@id":"https:\/\/xn--microkin-floregervais-i5b.fr\/index.php\/mentions-legales\/#breadcrumb"},"inLanguage":"en-US","potentialAction":[{"@type":"ReadAction","target":["https:\/\/xn--microkin-floregervais-i5b.fr\/index.php\/mentions-legales\/"]}]},{"@type":"BreadcrumbList","@id":"https:\/\/xn--microkin-floregervais-i5b.fr\/index.php\/mentions-legales\/#breadcrumb","itemListElement":[{"@type":"ListItem","position":1,"name":"Home","item":"https:\/\/xn--microkin-floregervais-i5b.fr\/"},{"@type":"ListItem","position":2,"name":"Mentions l\u00e9gales"}]},{"@type":"WebSite","@id":"https:\/\/xn--microkin-floregervais-i5b.fr\/#website","url":"https:\/\/xn--microkin-floregervais-i5b.fr\/","name":"Flore Gervais - Microkin\u00e9sith\u00e9rapeute Epernay","description":"","publisher":{"@id":"https:\/\/xn--microkin-floregervais-i5b.fr\/#organization"},"potentialAction":[{"@type":"SearchAction","target":{"@type":"EntryPoint","urlTemplate":"https:\/\/xn--microkin-floregervais-i5b.fr\/?s={search_term_string}"},"query-input":{"@type":"PropertyValueSpecification","valueRequired":true,"valueName":"search_term_string"}}],"inLanguage":"en-US"},{"@type":"Organization","@id":"https:\/\/xn--microkin-floregervais-i5b.fr\/#organization","name":"Flore Gervais - Microkin\u00e9sith\u00e9rapeute Epernay","url":"https:\/\/xn--microkin-floregervais-i5b.fr\/","logo":{"@type":"ImageObject","inLanguage":"en-US","@id":"https:\/\/xn--microkin-floregervais-i5b.fr\/#\/schema\/logo\/image\/","url":"https:\/\/xn--microkin-floregervais-i5b.fr\/wp-content\/uploads\/2025\/11\/cropped-logo_flore-removebg-preview.png","contentUrl":"https:\/\/xn--microkin-floregervais-i5b.fr\/wp-content\/uploads\/2025\/11\/cropped-logo_flore-removebg-preview.png","width":364,"height":365,"caption":"Flore Gervais - Microkin\u00e9sith\u00e9rapeute Epernay"},"image":{"@id":"https:\/\/xn--microkin-floregervais-i5b.fr\/#\/schema\/logo\/image\/"}}]}},"_links":{"self":[{"href":"https:\/\/xn--microkin-floregervais-i5b.fr\/index.php\/wp-json\/wp\/v2\/pages\/429","targetHints":{"allow":["GET"]}}],"collection":[{"href":"https:\/\/xn--microkin-floregervais-i5b.fr\/index.php\/wp-json\/wp\/v2\/pages"}],"about":[{"href":"https:\/\/xn--microkin-floregervais-i5b.fr\/index.php\/wp-json\/wp\/v2\/types\/page"}],"author":[{"embeddable":true,"href":"https:\/\/xn--microkin-floregervais-i5b.fr\/index.php\/wp-json\/wp\/v2\/users\/1"}],"replies":[{"embeddable":true,"href":"https:\/\/xn--microkin-floregervais-i5b.fr\/index.php\/wp-json\/wp\/v2\/comments?post=429"}],"version-history":[{"count":10,"href":"https:\/\/xn--microkin-floregervais-i5b.fr\/index.php\/wp-json\/wp\/v2\/pages\/429\/revisions"}],"predecessor-version":[{"id":500,"href":"https:\/\/xn--microkin-floregervais-i5b.fr\/index.php\/wp-json\/wp\/v2\/pages\/429\/revisions\/500"}],"wp:attachment":[{"href":"https:\/\/xn--microkin-floregervais-i5b.fr\/index.php\/wp-json\/wp\/v2\/media?parent=429"}],"curies":[{"name":"wp","href":"https:\/\/api.w.org\/{rel}","templated":true}]}}